{"id":2906,"date":"2026-04-10T02:53:32","date_gmt":"2026-04-10T02:53:32","guid":{"rendered":"https:\/\/shopandbeyond.shop\/?post_type=product&#038;p=2906"},"modified":"2026-04-10T03:02:01","modified_gmt":"2026-04-10T03:02:01","slug":"snickers-chocolatina-con-deliciosa-crema-de-cacahuete-50g-30-ud","status":"publish","type":"product","link":"https:\/\/shopandbeyond.shop\/es\/producto\/snickers-chocolatina-con-deliciosa-crema-de-cacahuete-50g-30-ud\/","title":{"rendered":"Snickers Chocolatina con Deliciosa Crema de Cacahuete 50g* 30 ud"},"content":{"rendered":"<div data-elementor-type=\"product-post\" data-elementor-id=\"2906\" class=\"elementor elementor-2906\" data-elementor-post-type=\"product\">\n\t\t\t\t<div class=\"elementor-element elementor-element-2d9ad8e5 e-flex e-con-boxed e-con e-parent\" data-id=\"2d9ad8e5\" data-element_type=\"container\" data-settings=\"{&quot;ekit_has_onepagescroll_dot&quot;:&quot;yes&quot;}\">\n\t\t\t\t\t<div class=\"e-con-inner\">\n\t\t<div class=\"elementor-element elementor-element-3b955bbb e-grid e-con-full e-con e-child\" data-id=\"3b955bbb\" data-element_type=\"container\" data-settings=\"{&quot;ekit_has_onepagescroll_dot&quot;:&quot;yes&quot;}\">\n\t\t\t\t<div class=\"elementor-element elementor-element-4a83768d elementor-widget elementor-widget-video\" data-id=\"4a83768d\" data-element_type=\"widget\" data-settings=\"{&quot;video_type&quot;:&quot;hosted&quot;,&quot;controls&quot;:&quot;yes&quot;,&quot;ekit_we_effect_on&quot;:&quot;none&quot;}\" data-widget_type=\"video.default\">\n\t\t\t\t<div class=\"elementor-widget-container\">\n\t\t\t\t\t\t\t<div class=\"e-hosted-video elementor-wrapper elementor-open-inline\">\n\t\t\t\t\t<video class=\"elementor-video\" src=\"https:\/\/shopandbeyond.shop\/wp-content\/uploads\/2026\/04\/video_2026-04-09_10-47-16.mp4\" controls=\"\" preload=\"metadata\" controlslist=\"nodownload\"><\/video>\n\t\t\t\t<\/div>\n\t\t\t\t\t\t<\/div>\n\t\t\t\t<\/div>\n\t\t\t\t<div class=\"elementor-element elementor-element-485199ac elementor-widget elementor-widget-text-editor\" data-id=\"485199ac\" data-element_type=\"widget\" data-settings=\"{&quot;ekit_we_effect_on&quot;:&quot;none&quot;}\" data-widget_type=\"text-editor.default\">\n\t\t\t\t<div class=\"elementor-widget-container\">\n\t\t\t\t\t\t\t\t\t<div class=\"elementor-widget-container\">\n\t\t\t\t\t\t\t\t\t# Detalles del art\u00edculo\n\n<div class=\"product-table\">\n  <div class=\"product-row\">\n    <div class=\"product-label\"><strong>Formulario<\/strong><\/div>\n    <div class=\"product-value\"><strong>Bar<\/strong><\/div>\n  <\/div>\n  <div class=\"product-row\">\n    <div class=\"product-label\"><strong>Tipo chocolate<\/strong><\/div>\n    <div class=\"product-value\"><strong>Leche<\/strong><\/div>\n  <\/div>\n  <div class=\"product-row\">\n    <div class=\"product-label\"><strong>Sabor<\/strong><\/div>\n    <div class=\"product-value\"><strong>Caramelo<\/strong><\/div>\n  <\/div>\n  <div class=\"product-row\">\n    <div class=\"product-label\"><strong>Tipo de dieta<\/strong><\/div>\n    <div class=\"product-value\"><strong>Sin gluten<\/strong><\/div>\n  <\/div>\n  <div class=\"product-row\">\n    <div class=\"product-label\"><strong>Especialidad<\/strong><\/div>\n    <div class=\"product-value\"><strong>Sin gluten<\/strong><\/div>\n  <\/div>\n  <div class=\"product-row\">\n    <div class=\"product-label\"><strong>Informaci\u00f3n sobre al\u00e9rgenos<\/strong><\/div>\n    <div class=\"product-value\"><strong>Sin gluten<\/strong><\/div>\n  <\/div>\n  <div class=\"product-row\">\n    <div class=\"product-label\"><strong>Tipo de paquete Nombre<\/strong><\/div>\n    <div class=\"product-value\"><strong>Caja<\/strong><\/div>\n  <\/div>\n<\/div>\n\n<style>\n.product-table {\n  width: 100%;\n  border-top: 1px solid #000;\n  font-family: Arial, sans-serif;\n}\n\n.product-row {\n  display: flex;\n  border-bottom: 1px solid #000;\n  padding: 12px 0;\n}\n\n.product-label {\n  flex: 1;\n  font-weight: bold;\n  min-width: 200px;\n  padding-right: 20px;\n}\n\n.product-value {\n  flex: 1;\n  min-width: 200px;\n}\n<\/style>\n<\/div>\t\t\t\t\t\t\t\t<\/div>\n\t\t\t\t<\/div>\n\t\t\t\t<\/div>\n\t\t\t\t\t<\/div>\n\t\t\t\t<\/div>\n\t\t<div class=\"elementor-element elementor-element-2f8cdc3d e-flex e-con-boxed e-con e-parent\" data-id=\"2f8cdc3d\" data-element_type=\"container\" data-settings=\"{&quot;ekit_has_onepagescroll_dot&quot;:&quot;yes&quot;}\">\n\t\t\t\t\t<div class=\"e-con-inner\">\n\t\t\t\t<div class=\"elementor-element elementor-element-dc5c882 elementor-widget elementor-widget-heading\" data-id=\"dc5c882\" data-element_type=\"widget\" data-settings=\"{&quot;ekit_we_effect_on&quot;:&quot;none&quot;}\" data-widget_type=\"heading.default\">\n\t\t\t\t<div class=\"elementor-widget-container\">\n\t\t\t\t\t<h2 class=\"elementor-heading-title elementor-size-default\">Abast\u00e9cete de Satisfacci\u00f3n con SNICKERS<\/h2>\t\t\t\t<\/div>\n\t\t\t\t<\/div>\n\t\t\t\t<div class=\"elementor-element elementor-element-2294fb54 elementor-widget elementor-widget-image\" data-id=\"2294fb54\" data-element_type=\"widget\" data-settings=\"{&quot;ekit_we_effect_on&quot;:&quot;none&quot;}\" data-widget_type=\"image.default\">\n\t\t\t\t<div class=\"elementor-widget-container\">\n\t\t\t\t\t\t\t\t\t\t\t\t\t\t\t<img fetchpriority=\"high\" decoding=\"async\" width=\"970\" height=\"600\" src=\"https:\/\/shopandbeyond.shop\/wp-content\/uploads\/2026\/04\/135373ae-855a-4842-b02c-948e1ab7417c.__CR0019401200_PT0_SX970_V1___.jpg\" class=\"attachment-full size-full wp-image-2919 wvs-archive-product-image\" alt=\"\" srcset=\"https:\/\/shopandbeyond.shop\/wp-content\/uploads\/2026\/04\/135373ae-855a-4842-b02c-948e1ab7417c.__CR0019401200_PT0_SX970_V1___.jpg 970w, https:\/\/shopandbeyond.shop\/wp-content\/uploads\/2026\/04\/135373ae-855a-4842-b02c-948e1ab7417c.__CR0019401200_PT0_SX970_V1___-300x186.jpg 300w, https:\/\/shopandbeyond.shop\/wp-content\/uploads\/2026\/04\/135373ae-855a-4842-b02c-948e1ab7417c.__CR0019401200_PT0_SX970_V1___-768x475.jpg 768w, https:\/\/shopandbeyond.shop\/wp-content\/uploads\/2026\/04\/135373ae-855a-4842-b02c-948e1ab7417c.__CR0019401200_PT0_SX970_V1___-18x12.jpg 18w, https:\/\/shopandbeyond.shop\/wp-content\/uploads\/2026\/04\/135373ae-855a-4842-b02c-948e1ab7417c.__CR0019401200_PT0_SX970_V1___-600x371.jpg 600w\" sizes=\"(max-width: 970px) 100vw, 970px\" \/>\t\t\t\t\t\t\t\t\t\t\t\t\t\t\t<\/div>\n\t\t\t\t<\/div>\n\t\t\t\t\t<\/div>\n\t\t\t\t<\/div>\n\t\t<div class=\"elementor-element elementor-element-6bd4836d e-flex e-con-boxed e-con e-parent\" data-id=\"6bd4836d\" data-element_type=\"container\" data-settings=\"{&quot;ekit_has_onepagescroll_dot&quot;:&quot;yes&quot;}\">\n\t\t\t\t\t<div class=\"e-con-inner\">\n\t\t\t\t<div class=\"elementor-element elementor-element-17358f67 elementor-widget elementor-widget-heading\" data-id=\"17358f67\" data-element_type=\"widget\" data-settings=\"{&quot;ekit_we_effect_on&quot;:&quot;none&quot;}\" data-widget_type=\"heading.default\">\n\t\t\t\t<div class=\"elementor-widget-container\">\n\t\t\t\t\t<h2 class=\"elementor-heading-title elementor-size-default\">Un tama\u00f1o para cada apetito<\/h2>\t\t\t\t<\/div>\n\t\t\t\t<\/div>\n\t\t<div class=\"elementor-element elementor-element-7faa70f6 e-grid e-con-full e-con e-child\" data-id=\"7faa70f6\" data-element_type=\"container\" data-settings=\"{&quot;ekit_has_onepagescroll_dot&quot;:&quot;yes&quot;}\">\n\t\t\t\t<div class=\"elementor-element elementor-element-4ba70a46 elementor-position-top elementor-widget elementor-widget-image-box\" data-id=\"4ba70a46\" data-element_type=\"widget\" data-settings=\"{&quot;ekit_we_effect_on&quot;:&quot;none&quot;}\" data-widget_type=\"image-box.default\">\n\t\t\t\t<div class=\"elementor-widget-container\">\n\t\t\t\t\t<div class=\"elementor-image-box-wrapper\"><figure class=\"elementor-image-box-img\"><img decoding=\"async\" width=\"220\" height=\"220\" src=\"https:\/\/shopandbeyond.shop\/wp-content\/uploads\/2026\/04\/140b35e7-aa2b-42c2-a902-dfaacf14adc0.__CR00220220_PT0_SX220_V1___.jpg\" class=\"attachment-full size-full wp-image-2920 wvs-archive-product-image\" alt=\"\" srcset=\"https:\/\/shopandbeyond.shop\/wp-content\/uploads\/2026\/04\/140b35e7-aa2b-42c2-a902-dfaacf14adc0.__CR00220220_PT0_SX220_V1___.jpg 220w, https:\/\/shopandbeyond.shop\/wp-content\/uploads\/2026\/04\/140b35e7-aa2b-42c2-a902-dfaacf14adc0.__CR00220220_PT0_SX220_V1___-150x150.jpg 150w, https:\/\/shopandbeyond.shop\/wp-content\/uploads\/2026\/04\/140b35e7-aa2b-42c2-a902-dfaacf14adc0.__CR00220220_PT0_SX220_V1___-12x12.jpg 12w, https:\/\/shopandbeyond.shop\/wp-content\/uploads\/2026\/04\/140b35e7-aa2b-42c2-a902-dfaacf14adc0.__CR00220220_PT0_SX220_V1___-100x100.jpg 100w, https:\/\/shopandbeyond.shop\/wp-content\/uploads\/2026\/04\/140b35e7-aa2b-42c2-a902-dfaacf14adc0.__CR00220220_PT0_SX220_V1___-50x50.jpg 50w\" sizes=\"(max-width: 220px) 100vw, 220px\" \/><\/figure><div class=\"elementor-image-box-content\"><h3 class=\"elementor-image-box-title\">Barritas tama\u00f1o Minis<\/h3><p class=\"elementor-image-box-description\">Las barritas de caramelo SNICKERS tama\u00f1o mini tienen el tama\u00f1o perfecto para repartir entre los ni\u00f1os que piden dulces, rellenar pi\u00f1atas y coronar los platos de caramelos en la oficina.<\/p><\/div><\/div>\t\t\t\t<\/div>\n\t\t\t\t<\/div>\n\t\t\t\t<div class=\"elementor-element elementor-element-6e31cd4d elementor-position-top elementor-widget elementor-widget-image-box\" data-id=\"6e31cd4d\" data-element_type=\"widget\" data-settings=\"{&quot;ekit_we_effect_on&quot;:&quot;none&quot;}\" data-widget_type=\"image-box.default\">\n\t\t\t\t<div class=\"elementor-widget-container\">\n\t\t\t\t\t<div class=\"elementor-image-box-wrapper\"><figure class=\"elementor-image-box-img\"><img decoding=\"async\" width=\"220\" height=\"220\" src=\"https:\/\/shopandbeyond.shop\/wp-content\/uploads\/2026\/04\/e9da1041-e606-4cbf-8703-e0d49ce9f806.__CR00220220_PT0_SX220_V1___.jpg\" class=\"attachment-full size-full wp-image-2921 wvs-archive-product-image\" alt=\"\" srcset=\"https:\/\/shopandbeyond.shop\/wp-content\/uploads\/2026\/04\/e9da1041-e606-4cbf-8703-e0d49ce9f806.__CR00220220_PT0_SX220_V1___.jpg 220w, https:\/\/shopandbeyond.shop\/wp-content\/uploads\/2026\/04\/e9da1041-e606-4cbf-8703-e0d49ce9f806.__CR00220220_PT0_SX220_V1___-150x150.jpg 150w, https:\/\/shopandbeyond.shop\/wp-content\/uploads\/2026\/04\/e9da1041-e606-4cbf-8703-e0d49ce9f806.__CR00220220_PT0_SX220_V1___-12x12.jpg 12w, https:\/\/shopandbeyond.shop\/wp-content\/uploads\/2026\/04\/e9da1041-e606-4cbf-8703-e0d49ce9f806.__CR00220220_PT0_SX220_V1___-100x100.jpg 100w, https:\/\/shopandbeyond.shop\/wp-content\/uploads\/2026\/04\/e9da1041-e606-4cbf-8703-e0d49ce9f806.__CR00220220_PT0_SX220_V1___-50x50.jpg 50w\" sizes=\"(max-width: 220px) 100vw, 220px\" \/><\/figure><div class=\"elementor-image-box-content\"><h3 class=\"elementor-image-box-title\">Barritas Fun Size<\/h3><p class=\"elementor-image-box-description\">Las barritas de chocolate SNICKERS de tama\u00f1o divertido son un delicioso capricho para el almuerzo, la noche de cine o para cuando el hambre apriete.<\/p><\/div><\/div>\t\t\t\t<\/div>\n\t\t\t\t<\/div>\n\t\t\t\t<div class=\"elementor-element elementor-element-61f0dd3c elementor-position-top elementor-widget elementor-widget-image-box\" data-id=\"61f0dd3c\" data-element_type=\"widget\" data-settings=\"{&quot;ekit_we_effect_on&quot;:&quot;none&quot;}\" data-widget_type=\"image-box.default\">\n\t\t\t\t<div class=\"elementor-widget-container\">\n\t\t\t\t\t<div class=\"elementor-image-box-wrapper\"><figure class=\"elementor-image-box-img\"><img loading=\"lazy\" decoding=\"async\" width=\"220\" height=\"220\" src=\"https:\/\/shopandbeyond.shop\/wp-content\/uploads\/2026\/04\/3e37fa4f-90e3-4322-b9df-201d5773c9a8.__CR00220220_PT0_SX220_V1___.jpg\" class=\"attachment-full size-full wp-image-2922 wvs-archive-product-image\" alt=\"\" srcset=\"https:\/\/shopandbeyond.shop\/wp-content\/uploads\/2026\/04\/3e37fa4f-90e3-4322-b9df-201d5773c9a8.__CR00220220_PT0_SX220_V1___.jpg 220w, https:\/\/shopandbeyond.shop\/wp-content\/uploads\/2026\/04\/3e37fa4f-90e3-4322-b9df-201d5773c9a8.__CR00220220_PT0_SX220_V1___-150x150.jpg 150w, https:\/\/shopandbeyond.shop\/wp-content\/uploads\/2026\/04\/3e37fa4f-90e3-4322-b9df-201d5773c9a8.__CR00220220_PT0_SX220_V1___-12x12.jpg 12w, https:\/\/shopandbeyond.shop\/wp-content\/uploads\/2026\/04\/3e37fa4f-90e3-4322-b9df-201d5773c9a8.__CR00220220_PT0_SX220_V1___-100x100.jpg 100w, https:\/\/shopandbeyond.shop\/wp-content\/uploads\/2026\/04\/3e37fa4f-90e3-4322-b9df-201d5773c9a8.__CR00220220_PT0_SX220_V1___-50x50.jpg 50w\" sizes=\"(max-width: 220px) 100vw, 220px\" \/><\/figure><div class=\"elementor-image-box-content\"><h3 class=\"elementor-image-box-title\">Barritas tama\u00f1o individual<\/h3><p class=\"elementor-image-box-description\">Coge una barrita SNICKERS tama\u00f1o individual para hacer frente a la hora del tentempi\u00e9 en la oficina o comparte un paquete SNICKERS con un amigo y venced el hambre juntos.<\/p><\/div><\/div>\t\t\t\t<\/div>\n\t\t\t\t<\/div>\n\t\t\t\t<div class=\"elementor-element elementor-element-11585c18 elementor-position-top elementor-widget elementor-widget-image-box\" data-id=\"11585c18\" data-element_type=\"widget\" data-settings=\"{&quot;ekit_we_effect_on&quot;:&quot;none&quot;}\" data-widget_type=\"image-box.default\">\n\t\t\t\t<div class=\"elementor-widget-container\">\n\t\t\t\t\t<div class=\"elementor-image-box-wrapper\"><figure class=\"elementor-image-box-img\"><img loading=\"lazy\" decoding=\"async\" width=\"220\" height=\"220\" src=\"https:\/\/shopandbeyond.shop\/wp-content\/uploads\/2026\/04\/701f152c-e965-4297-8f98-f004653f1bfb.__CR00220220_PT0_SX220_V1___.jpg\" class=\"attachment-full size-full wp-image-2923 wvs-archive-product-image\" alt=\"\" srcset=\"https:\/\/shopandbeyond.shop\/wp-content\/uploads\/2026\/04\/701f152c-e965-4297-8f98-f004653f1bfb.__CR00220220_PT0_SX220_V1___.jpg 220w, https:\/\/shopandbeyond.shop\/wp-content\/uploads\/2026\/04\/701f152c-e965-4297-8f98-f004653f1bfb.__CR00220220_PT0_SX220_V1___-150x150.jpg 150w, https:\/\/shopandbeyond.shop\/wp-content\/uploads\/2026\/04\/701f152c-e965-4297-8f98-f004653f1bfb.__CR00220220_PT0_SX220_V1___-12x12.jpg 12w, https:\/\/shopandbeyond.shop\/wp-content\/uploads\/2026\/04\/701f152c-e965-4297-8f98-f004653f1bfb.__CR00220220_PT0_SX220_V1___-100x100.jpg 100w, https:\/\/shopandbeyond.shop\/wp-content\/uploads\/2026\/04\/701f152c-e965-4297-8f98-f004653f1bfb.__CR00220220_PT0_SX220_V1___-50x50.jpg 50w\" sizes=\"(max-width: 220px) 100vw, 220px\" \/><\/figure><div class=\"elementor-image-box-content\"><h3 class=\"elementor-image-box-title\">Compartir Tama\u00f1o Barras<\/h3><p class=\"elementor-image-box-description\">A\u00f1ade un poco de poder de cacahuete a tu d\u00eda con los caramelos SNICKERS. Las barritas Share Size incluyen dos crujientes y cremosas barritas de caramelo SNICKERS. Una satisfacci\u00f3n que puedes compartir.<\/p><\/div><\/div>\t\t\t\t<\/div>\n\t\t\t\t<\/div>\n\t\t\t\t<\/div>\n\t\t\t\t\t<\/div>\n\t\t\t\t<\/div>\n\t\t<div class=\"elementor-element elementor-element-519ee3d5 e-flex e-con-boxed e-con e-parent\" data-id=\"519ee3d5\" data-element_type=\"container\" data-settings=\"{&quot;ekit_has_onepagescroll_dot&quot;:&quot;yes&quot;}\">\n\t\t\t\t\t<div class=\"e-con-inner\">\n\t\t\t\t<div class=\"elementor-element elementor-element-14be0c60 elementor-widget elementor-widget-heading\" data-id=\"14be0c60\" data-element_type=\"widget\" data-settings=\"{&quot;ekit_we_effect_on&quot;:&quot;none&quot;}\" data-widget_type=\"heading.default\">\n\t\t\t\t<div class=\"elementor-widget-container\">\n\t\t\t\t\t<h2 class=\"elementor-heading-title elementor-size-default\">Nunca se sabe cu\u00e1ndo atacar\u00e1 el hambre<\/h2>\t\t\t\t<\/div>\n\t\t\t\t<\/div>\n\t\t<div class=\"elementor-element elementor-element-f32e4a9 e-grid e-con-full e-con e-child\" data-id=\"f32e4a9\" data-element_type=\"container\" data-settings=\"{&quot;ekit_has_onepagescroll_dot&quot;:&quot;yes&quot;}\">\n\t\t\t\t<div class=\"elementor-element elementor-element-567856af elementor-position-top elementor-widget elementor-widget-image-box\" data-id=\"567856af\" data-element_type=\"widget\" data-settings=\"{&quot;ekit_we_effect_on&quot;:&quot;none&quot;}\" data-widget_type=\"image-box.default\">\n\t\t\t\t<div class=\"elementor-widget-container\">\n\t\t\t\t\t<div class=\"elementor-image-box-wrapper\"><figure class=\"elementor-image-box-img\"><img loading=\"lazy\" decoding=\"async\" width=\"300\" height=\"300\" src=\"https:\/\/shopandbeyond.shop\/wp-content\/uploads\/2026\/04\/b2f44591-8bbd-4860-86bd-65c09e3bffc8.__CR00300300_PT0_SX300_V1___.jpg\" class=\"attachment-full size-full wp-image-2924 wvs-archive-product-image\" alt=\"\" srcset=\"https:\/\/shopandbeyond.shop\/wp-content\/uploads\/2026\/04\/b2f44591-8bbd-4860-86bd-65c09e3bffc8.__CR00300300_PT0_SX300_V1___.jpg 300w, https:\/\/shopandbeyond.shop\/wp-content\/uploads\/2026\/04\/b2f44591-8bbd-4860-86bd-65c09e3bffc8.__CR00300300_PT0_SX300_V1___-150x150.jpg 150w, https:\/\/shopandbeyond.shop\/wp-content\/uploads\/2026\/04\/b2f44591-8bbd-4860-86bd-65c09e3bffc8.__CR00300300_PT0_SX300_V1___-12x12.jpg 12w, https:\/\/shopandbeyond.shop\/wp-content\/uploads\/2026\/04\/b2f44591-8bbd-4860-86bd-65c09e3bffc8.__CR00300300_PT0_SX300_V1___-100x100.jpg 100w, https:\/\/shopandbeyond.shop\/wp-content\/uploads\/2026\/04\/b2f44591-8bbd-4860-86bd-65c09e3bffc8.__CR00300300_PT0_SX300_V1___-50x50.jpg 50w\" sizes=\"(max-width: 300px) 100vw, 300px\" \/><\/figure><div class=\"elementor-image-box-content\"><h3 class=\"elementor-image-box-title\">Antes de la gran prueba<\/h3><p class=\"elementor-image-box-description\">Un l\u00e1piz del n\u00ba 2 no es todo lo que necesitas antes de aprobar ese examen. Coge una barrita de chocolate SNICKERS para evitar el hambre y mantener la concentraci\u00f3n.<\/p><\/div><\/div>\t\t\t\t<\/div>\n\t\t\t\t<\/div>\n\t\t\t\t<div class=\"elementor-element elementor-element-9ec64dc elementor-position-top elementor-widget elementor-widget-image-box\" data-id=\"9ec64dc\" data-element_type=\"widget\" data-settings=\"{&quot;ekit_we_effect_on&quot;:&quot;none&quot;}\" data-widget_type=\"image-box.default\">\n\t\t\t\t<div class=\"elementor-widget-container\">\n\t\t\t\t\t<div class=\"elementor-image-box-wrapper\"><figure class=\"elementor-image-box-img\"><img loading=\"lazy\" decoding=\"async\" width=\"300\" height=\"300\" src=\"https:\/\/shopandbeyond.shop\/wp-content\/uploads\/2026\/04\/70260f71-a7a7-4c74-8517-1836612b18f2.__CR00300300_PT0_SX300_V1___.jpg\" class=\"attachment-full size-full wp-image-2925 wvs-archive-product-image\" alt=\"\" srcset=\"https:\/\/shopandbeyond.shop\/wp-content\/uploads\/2026\/04\/70260f71-a7a7-4c74-8517-1836612b18f2.__CR00300300_PT0_SX300_V1___.jpg 300w, https:\/\/shopandbeyond.shop\/wp-content\/uploads\/2026\/04\/70260f71-a7a7-4c74-8517-1836612b18f2.__CR00300300_PT0_SX300_V1___-150x150.jpg 150w, https:\/\/shopandbeyond.shop\/wp-content\/uploads\/2026\/04\/70260f71-a7a7-4c74-8517-1836612b18f2.__CR00300300_PT0_SX300_V1___-12x12.jpg 12w, https:\/\/shopandbeyond.shop\/wp-content\/uploads\/2026\/04\/70260f71-a7a7-4c74-8517-1836612b18f2.__CR00300300_PT0_SX300_V1___-100x100.jpg 100w, https:\/\/shopandbeyond.shop\/wp-content\/uploads\/2026\/04\/70260f71-a7a7-4c74-8517-1836612b18f2.__CR00300300_PT0_SX300_V1___-50x50.jpg 50w\" sizes=\"(max-width: 300px) 100vw, 300px\" \/><\/figure><div class=\"elementor-image-box-content\"><h3 class=\"elementor-image-box-title\">Antes de la gran reuni\u00f3n<\/h3><p class=\"elementor-image-box-description\">\u00bfNervioso por esa reuni\u00f3n? \u00bfQuiere impresionar a su jefe? No te preocupes por la barriga. T\u00f3mate una barrita SNICKERS antes de entrar y sorpr\u00e9ndeles.<\/p><\/div><\/div>\t\t\t\t<\/div>\n\t\t\t\t<\/div>\n\t\t\t\t<div class=\"elementor-element elementor-element-742469ae elementor-position-top elementor-widget elementor-widget-image-box\" data-id=\"742469ae\" data-element_type=\"widget\" data-settings=\"{&quot;ekit_we_effect_on&quot;:&quot;none&quot;}\" data-widget_type=\"image-box.default\">\n\t\t\t\t<div class=\"elementor-widget-container\">\n\t\t\t\t\t<div class=\"elementor-image-box-wrapper\"><figure class=\"elementor-image-box-img\"><img loading=\"lazy\" decoding=\"async\" width=\"300\" height=\"300\" src=\"https:\/\/shopandbeyond.shop\/wp-content\/uploads\/2026\/04\/b384dc9b-e6c6-4a16-9f26-c5173bb5346b.__CR00300300_PT0_SX300_V1___.jpg\" class=\"attachment-full size-full wp-image-2926 wvs-archive-product-image\" alt=\"\" srcset=\"https:\/\/shopandbeyond.shop\/wp-content\/uploads\/2026\/04\/b384dc9b-e6c6-4a16-9f26-c5173bb5346b.__CR00300300_PT0_SX300_V1___.jpg 300w, https:\/\/shopandbeyond.shop\/wp-content\/uploads\/2026\/04\/b384dc9b-e6c6-4a16-9f26-c5173bb5346b.__CR00300300_PT0_SX300_V1___-150x150.jpg 150w, https:\/\/shopandbeyond.shop\/wp-content\/uploads\/2026\/04\/b384dc9b-e6c6-4a16-9f26-c5173bb5346b.__CR00300300_PT0_SX300_V1___-12x12.jpg 12w, https:\/\/shopandbeyond.shop\/wp-content\/uploads\/2026\/04\/b384dc9b-e6c6-4a16-9f26-c5173bb5346b.__CR00300300_PT0_SX300_V1___-100x100.jpg 100w, https:\/\/shopandbeyond.shop\/wp-content\/uploads\/2026\/04\/b384dc9b-e6c6-4a16-9f26-c5173bb5346b.__CR00300300_PT0_SX300_V1___-50x50.jpg 50w\" sizes=\"(max-width: 300px) 100vw, 300px\" \/><\/figure><div class=\"elementor-image-box-content\"><h3 class=\"elementor-image-box-title\">Antes del gran partido<\/h3><p class=\"elementor-image-box-description\">No te quedes sin fuerzas cuando el reloj se agote. Comparte una barrita SNICKERS de tama\u00f1o divertido antes del partido y deja el hambre en la banda.<\/p><\/div><\/div>\t\t\t\t<\/div>\n\t\t\t\t<\/div>\n\t\t\t\t<\/div>\n\t\t\t\t\t<\/div>\n\t\t\t\t<\/div>\n\t\t<div class=\"elementor-element elementor-element-449046da e-flex e-con-boxed e-con e-parent\" data-id=\"449046da\" data-element_type=\"container\" data-settings=\"{&quot;ekit_has_onepagescroll_dot&quot;:&quot;yes&quot;}\">\n\t\t\t\t\t<div class=\"e-con-inner\">\n\t\t\t\t<div class=\"elementor-element elementor-element-3c81a575 elementor-widget elementor-widget-heading\" data-id=\"3c81a575\" data-element_type=\"widget\" data-settings=\"{&quot;ekit_we_effect_on&quot;:&quot;none&quot;}\" data-widget_type=\"heading.default\">\n\t\t\t\t<div class=\"elementor-widget-container\">\n\t\t\t\t\t<h2 class=\"elementor-heading-title elementor-size-default\">PARTICIPA PARA GANAR UNA EXPERIENCIA SUPER BOWL LX<\/h2>\t\t\t\t<\/div>\n\t\t\t\t<\/div>\n\t\t\t\t<div class=\"elementor-element elementor-element-6048a9dd elementor-widget elementor-widget-image\" data-id=\"6048a9dd\" data-element_type=\"widget\" data-settings=\"{&quot;ekit_we_effect_on&quot;:&quot;none&quot;}\" data-widget_type=\"image.default\">\n\t\t\t\t<div class=\"elementor-widget-container\">\n\t\t\t\t\t\t\t\t\t\t\t\t\t\t\t<img loading=\"lazy\" decoding=\"async\" width=\"970\" height=\"600\" src=\"https:\/\/shopandbeyond.shop\/wp-content\/uploads\/2026\/04\/f83a2795-6363-4990-988d-a1894bae4085.__CR0019401200_PT0_SX970_V1___.jpg\" class=\"attachment-full size-full wp-image-2927 wvs-archive-product-image\" alt=\"\" srcset=\"https:\/\/shopandbeyond.shop\/wp-content\/uploads\/2026\/04\/f83a2795-6363-4990-988d-a1894bae4085.__CR0019401200_PT0_SX970_V1___.jpg 970w, https:\/\/shopandbeyond.shop\/wp-content\/uploads\/2026\/04\/f83a2795-6363-4990-988d-a1894bae4085.__CR0019401200_PT0_SX970_V1___-300x186.jpg 300w, https:\/\/shopandbeyond.shop\/wp-content\/uploads\/2026\/04\/f83a2795-6363-4990-988d-a1894bae4085.__CR0019401200_PT0_SX970_V1___-768x475.jpg 768w, https:\/\/shopandbeyond.shop\/wp-content\/uploads\/2026\/04\/f83a2795-6363-4990-988d-a1894bae4085.__CR0019401200_PT0_SX970_V1___-18x12.jpg 18w, https:\/\/shopandbeyond.shop\/wp-content\/uploads\/2026\/04\/f83a2795-6363-4990-988d-a1894bae4085.__CR0019401200_PT0_SX970_V1___-600x371.jpg 600w\" sizes=\"(max-width: 970px) 100vw, 970px\" \/>\t\t\t\t\t\t\t\t\t\t\t\t\t\t\t<\/div>\n\t\t\t\t<\/div>\n\t\t\t\t\t<\/div>\n\t\t\t\t<\/div>\n\t\t\t\t<\/div>","protected":false},"excerpt":{"rendered":"<h2 class=\"a-size-base-plus a-text-bold\">About this item<\/h2>\n<div class=\"a-expander-collapsed-height a-row a-expander-container a-expander-partial-collapse-container\" data-a-expander-collapsed-height=\"300\">\n<div class=\"a-expander-content a-expander-partial-collapse-content\" data-expanded=\"false\">\n<ul class=\"a-unordered-list a-vertical a-spacing-mini\">\n<li class=\"a-spacing-mini\"><span class=\"a-list-item\">Milk chocolate candy bars contain peanuts, nougat, caramel, and chocolate<\/span><\/li>\n<li class=\"a-spacing-mini\"><span class=\"a-list-item\">Bulk candy great for restaurants and stores<\/span><\/li>\n<li class=\"a-spacing-mini\"><span class=\"a-list-item\">Gluten Free milk chocolate bars<\/span><\/li>\n<li class=\"a-spacing-mini\"><span class=\"a-list-item\">Individually wrapped chocolate Snickers bars per box; Gluten free<\/span><\/li>\n<li class=\"a-spacing-mini\"><span class=\"a-list-item\">Snickers full size candy<\/span><\/li>\n<li class=\"a-spacing-mini\"><span class=\"a-list-item\">Snickers candy single bars per box; Gluten free<\/span><\/li>\n<\/ul>\n<\/div>\n<\/div>","protected":false},"featured_media":2907,"comment_status":"open","ping_status":"closed","template":"","meta":{"_acf_changed":false},"product_brand":[],"product_cat":[60,35],"product_tag":[],"class_list":{"0":"post-2906","1":"product","2":"type-product","3":"status-publish","4":"has-post-thumbnail","6":"product_cat-dao","7":"product_cat-sale","9":"first","10":"instock","11":"sale","12":"shipping-taxable","13":"purchasable","14":"product-type-simple"},"acf":[],"_links":{"self":[{"href":"https:\/\/shopandbeyond.shop\/es\/wp-json\/wp\/v2\/product\/2906","targetHints":{"allow":["GET"]}}],"collection":[{"href":"https:\/\/shopandbeyond.shop\/es\/wp-json\/wp\/v2\/product"}],"about":[{"href":"https:\/\/shopandbeyond.shop\/es\/wp-json\/wp\/v2\/types\/product"}],"replies":[{"embeddable":true,"href":"https:\/\/shopandbeyond.shop\/es\/wp-json\/wp\/v2\/comments?post=2906"}],"version-history":[{"count":4,"href":"https:\/\/shopandbeyond.shop\/es\/wp-json\/wp\/v2\/product\/2906\/revisions"}],"predecessor-version":[{"id":2933,"href":"https:\/\/shopandbeyond.shop\/es\/wp-json\/wp\/v2\/product\/2906\/revisions\/2933"}],"wp:featuredmedia":[{"embeddable":true,"href":"https:\/\/shopandbeyond.shop\/es\/wp-json\/wp\/v2\/media\/2907"}],"wp:attachment":[{"href":"https:\/\/shopandbeyond.shop\/es\/wp-json\/wp\/v2\/media?parent=2906"}],"wp:term":[{"taxonomy":"product_brand","embeddable":true,"href":"https:\/\/shopandbeyond.shop\/es\/wp-json\/wp\/v2\/product_brand?post=2906"},{"taxonomy":"product_cat","embeddable":true,"href":"https:\/\/shopandbeyond.shop\/es\/wp-json\/wp\/v2\/product_cat?post=2906"},{"taxonomy":"product_tag","embeddable":true,"href":"https:\/\/shopandbeyond.shop\/es\/wp-json\/wp\/v2\/product_tag?post=2906"}],"curies":[{"name":"wp","href":"https:\/\/api.w.org\/{rel}","templated":true}]}}