{"id":2581,"date":"2025-12-22T02:49:29","date_gmt":"2025-12-22T02:49:29","guid":{"rendered":"https:\/\/shopandbeyond.shop\/?post_type=product&#038;p=2581"},"modified":"2025-12-22T03:49:42","modified_gmt":"2025-12-22T03:49:42","slug":"lubluelu-akkus-porszv-c-25-kpa-nagy-szver-ll-llatszrhz-sznyeghez-s-kemny-padlhoz-lila","status":"publish","type":"product","link":"https:\/\/shopandbeyond.shop\/es\/producto\/lubluelu-akkus-porszv-c-25-kpa-nagy-szver-ll-llatszrhz-sznyeghez-s-kemny-padlhoz-lila\/","title":{"rendered":"Lubluelu akkus porsz\u00edv\u00f3 - 25 kPa nagy sz\u00edv\u00f3er\u0151, \u00e1ll\u00f3, \u00e1llatsz\u0151rh\u00f6z, sz\u0151nyeghez \u00e9s kem\u00e9ny padl\u00f3hoz, lila"},"content":{"rendered":"<p><img fetchpriority=\"high\" decoding=\"async\" class=\"aligncenter\" src=\"https:\/\/shopandbeyond.shop\/wp-content\/uploads\/2025\/12\/4-45-1024x683.png\" sizes=\"(max-width: 800px) 100vw, 800px\" srcset=\"https:\/\/shopandbeyond.shop\/wp-content\/uploads\/2025\/12\/4-45-1024x683.png 1024w, https:\/\/shopandbeyond.shop\/wp-content\/uploads\/2025\/12\/4-45-300x200.png 300w, https:\/\/shopandbeyond.shop\/wp-content\/uploads\/2025\/12\/4-45-768x512.png 768w, https:\/\/shopandbeyond.shop\/wp-content\/uploads\/2025\/12\/4-45-1536x1024.png 1536w, https:\/\/shopandbeyond.shop\/wp-content\/uploads\/2025\/12\/4-45-2048x1365.png 2048w, https:\/\/shopandbeyond.shop\/wp-content\/uploads\/2025\/12\/4-45-600x400.png 600w\" alt=\"\" width=\"800\" height=\"534\" \/><br \/>\n<img decoding=\"async\" class=\"aligncenter\" src=\"https:\/\/shopandbeyond.shop\/wp-content\/uploads\/2025\/12\/22-5.jpg\" sizes=\"(max-width: 800px) 100vw, 800px\" srcset=\"https:\/\/shopandbeyond.shop\/wp-content\/uploads\/2025\/12\/22-5.jpg 800w, https:\/\/shopandbeyond.shop\/wp-content\/uploads\/2025\/12\/22-5-300x185_1.jpg 300w, https:\/\/shopandbeyond.shop\/wp-content\/uploads\/2025\/12\/22-5-768x474_1.jpg 768w, https:\/\/shopandbeyond.shop\/wp-content\/uploads\/2025\/12\/22-5-600x371_1.jpg 600w\" alt=\"\" width=\"800\" height=\"494\" \/><br \/>\n<img decoding=\"async\" class=\"aligncenter\" src=\"https:\/\/shopandbeyond.shop\/wp-content\/uploads\/2025\/12\/33-3.jpg\" sizes=\"(max-width: 300px) 100vw, 300px\" srcset=\"https:\/\/shopandbeyond.shop\/wp-content\/uploads\/2025\/12\/33-3.jpg 300w, https:\/\/shopandbeyond.shop\/wp-content\/uploads\/2025\/12\/33-3-150x150_1.jpg 150w, https:\/\/shopandbeyond.shop\/wp-content\/uploads\/2025\/12\/33-3-100x100_1.jpg 100w, https:\/\/shopandbeyond.shop\/wp-content\/uploads\/2025\/12\/33-3-50x50_1.jpg 50w\" alt=\"\" width=\"300\" height=\"300\" \/><br \/>\n<img loading=\"lazy\" decoding=\"async\" class=\"aligncenter\" src=\"https:\/\/shopandbeyond.shop\/wp-content\/uploads\/2025\/12\/44-3.jpg\" sizes=\"(max-width: 300px) 100vw, 300px\" srcset=\"https:\/\/shopandbeyond.shop\/wp-content\/uploads\/2025\/12\/44-3.jpg 300w, https:\/\/shopandbeyond.shop\/wp-content\/uploads\/2025\/12\/44-3-150x150_1.jpg 150w, https:\/\/shopandbeyond.shop\/wp-content\/uploads\/2025\/12\/44-3-100x100_1.jpg 100w, https:\/\/shopandbeyond.shop\/wp-content\/uploads\/2025\/12\/44-3-50x50_1.jpg 50w\" alt=\"\" width=\"300\" height=\"300\" \/><br \/>\n<img loading=\"lazy\" decoding=\"async\" class=\"aligncenter\" src=\"https:\/\/shopandbeyond.shop\/wp-content\/uploads\/2025\/12\/55-1.jpg\" sizes=\"(max-width: 300px) 100vw, 300px\" srcset=\"https:\/\/shopandbeyond.shop\/wp-content\/uploads\/2025\/12\/55-1.jpg 300w, https:\/\/shopandbeyond.shop\/wp-content\/uploads\/2025\/12\/55-1-150x150_1.jpg 150w, https:\/\/shopandbeyond.shop\/wp-content\/uploads\/2025\/12\/55-1-100x100_1.jpg 100w, https:\/\/shopandbeyond.shop\/wp-content\/uploads\/2025\/12\/55-1-50x50_1.jpg 50w\" alt=\"\" width=\"300\" height=\"300\" \/><br \/>\n<img loading=\"lazy\" decoding=\"async\" class=\"aligncenter\" src=\"https:\/\/shopandbeyond.shop\/wp-content\/uploads\/2025\/12\/66.jpg\" sizes=\"(max-width: 800px) 100vw, 800px\" srcset=\"https:\/\/shopandbeyond.shop\/wp-content\/uploads\/2025\/12\/66.jpg 800w, https:\/\/shopandbeyond.shop\/wp-content\/uploads\/2025\/12\/66-300x185_1.jpg 300w, https:\/\/shopandbeyond.shop\/wp-content\/uploads\/2025\/12\/66-768x474_1.jpg 768w, https:\/\/shopandbeyond.shop\/wp-content\/uploads\/2025\/12\/66-600x371_1.jpg 600w\" alt=\"\" width=\"800\" height=\"494\" \/><\/p>\n<p>M\u00e9lytiszt\u00edt\u00e1s, egyl\u00e9p\u00e9ses megold\u00e1s. A Lubluelu vezet\u00e9k n\u00e9lk\u00fcli porsz\u00edv\u00f3ja k\u00e9nyelmes \u00e9s hat\u00e9kony tiszt\u00edt\u00e1st k\u00edn\u00e1l nagy teljes\u00edtm\u00e9ny\u0171, 120 000 fordulat\/perc fordulatsz\u00e1m\u00fa, kefe n\u00e9lk\u00fcli motorj\u00e1val, amely maxim\u00e1lis \u00fczemm\u00f3dban ak\u00e1r 25 000 PA sz\u00edv\u00f3teljes\u00edtm\u00e9nyt is lead. T\u00f6k\u00e9letes alacsony sz\u00e1l\u00fa sz\u0151nyegekhez \u00e9s k\u00fcl\u00f6nf\u00e9le fel\u00fcletekhez \u00e9s t\u00f6rmel\u00e9kekhez, ez a k\u00f6nny\u0171 \u00e9s hordozhat\u00f3 porsz\u00edv\u00f3 megk\u00f6nny\u00edti a vezet\u00e9k n\u00e9lk\u00fcli takar\u00edt\u00e1st. Elvezze a k\u00e9nyelmes takar\u00edt\u00e1st b\u00e1rmikor, b\u00e1rhol a Lubluelu seg\u00edts\u00e9g\u00e9vel.<\/p>","protected":false},"excerpt":{"rendered":"<p>M\u00e9lytiszt\u00edt\u00e1s, egyl\u00e9p\u00e9ses megold\u00e1s. A Lubluelu vezet\u00e9k n\u00e9lk\u00fcli porsz\u00edv\u00f3ja k\u00e9nyelmes \u00e9s hat\u00e9kony tiszt\u00edt\u00e1st k\u00edn\u00e1l nagy teljes\u00edtm\u00e9ny\u0171, 120 000 fordulat\/perc fordulatsz\u00e1m\u00fa, kefe n\u00e9lk\u00fcli motorj\u00e1val, amely maxim\u00e1lis \u00fczemm\u00f3dban ak\u00e1r 25 000 PA sz\u00edv\u00f3teljes\u00edtm\u00e9nyt is lead. T\u00f6k\u00e9letes alacsony sz\u00e1l\u00fa sz\u0151nyegekhez \u00e9s k\u00fcl\u00f6nf\u00e9le fel\u00fcletekhez \u00e9s t\u00f6rmel\u00e9kekhez, ez a k\u00f6nny\u0171 \u00e9s hordozhat\u00f3 porsz\u00edv\u00f3 megk\u00f6nny\u00edti a vezet\u00e9k n\u00e9lk\u00fcli takar\u00edt\u00e1st. \u00c9lvezze a k\u00e9nyelmes [&hellip;]<\/p>","protected":false},"featured_media":2582,"comment_status":"open","ping_status":"closed","template":"","meta":{"_acf_changed":false},"product_brand":[],"product_cat":[41],"product_tag":[],"class_list":{"0":"post-2581","1":"product","2":"type-product","3":"status-publish","4":"has-post-thumbnail","6":"product_cat-home-living","8":"first","9":"instock","10":"sale","11":"shipping-taxable","12":"purchasable","13":"product-type-simple"},"acf":[],"_links":{"self":[{"href":"https:\/\/shopandbeyond.shop\/es\/wp-json\/wp\/v2\/product\/2581","targetHints":{"allow":["GET"]}}],"collection":[{"href":"https:\/\/shopandbeyond.shop\/es\/wp-json\/wp\/v2\/product"}],"about":[{"href":"https:\/\/shopandbeyond.shop\/es\/wp-json\/wp\/v2\/types\/product"}],"replies":[{"embeddable":true,"href":"https:\/\/shopandbeyond.shop\/es\/wp-json\/wp\/v2\/comments?post=2581"}],"version-history":[{"count":3,"href":"https:\/\/shopandbeyond.shop\/es\/wp-json\/wp\/v2\/product\/2581\/revisions"}],"predecessor-version":[{"id":2617,"href":"https:\/\/shopandbeyond.shop\/es\/wp-json\/wp\/v2\/product\/2581\/revisions\/2617"}],"wp:featuredmedia":[{"embeddable":true,"href":"https:\/\/shopandbeyond.shop\/es\/wp-json\/wp\/v2\/media\/2582"}],"wp:attachment":[{"href":"https:\/\/shopandbeyond.shop\/es\/wp-json\/wp\/v2\/media?parent=2581"}],"wp:term":[{"taxonomy":"product_brand","embeddable":true,"href":"https:\/\/shopandbeyond.shop\/es\/wp-json\/wp\/v2\/product_brand?post=2581"},{"taxonomy":"product_cat","embeddable":true,"href":"https:\/\/shopandbeyond.shop\/es\/wp-json\/wp\/v2\/product_cat?post=2581"},{"taxonomy":"product_tag","embeddable":true,"href":"https:\/\/shopandbeyond.shop\/es\/wp-json\/wp\/v2\/product_tag?post=2581"}],"curies":[{"name":"wp","href":"https:\/\/api.w.org\/{rel}","templated":true}]}}